{"id":70,"date":"2024-04-24T16:27:21","date_gmt":"2024-04-24T19:27:21","guid":{"rendered":"https:\/\/blog2024.aulasninja.com\/?page_id=70"},"modified":"2024-04-25T14:55:16","modified_gmt":"2024-04-25T17:55:16","slug":"termos-de-uso","status":"publish","type":"page","link":"https:\/\/estacaonoticiasbrasilia.com.br\/?page_id=70","title":{"rendered":"Termos de uso"},"content":{"rendered":"\t\t<div data-elementor-type=\"wp-page\" data-elementor-id=\"70\" class=\"elementor elementor-70\" data-elementor-post-type=\"page\">\n\t\t\t\t<div class=\"elementor-element elementor-element-90bcd5b e-flex e-con-boxed e-con e-parent\" data-id=\"90bcd5b\" data-element_type=\"container\">\n\t\t\t\t\t<div class=\"e-con-inner\">\n\t\t\t\t<div class=\"elementor-element elementor-element-cca09ff elementor-widget elementor-widget-heading\" data-id=\"cca09ff\" data-element_type=\"widget\" data-widget_type=\"heading.default\">\n\t\t\t\t<div class=\"elementor-widget-container\">\n\t\t\t<h1 class=\"elementor-heading-title elementor-size-default\">Termos de uso<\/h1>\t\t<\/div>\n\t\t\t\t<\/div>\n\t\t\t\t<div class=\"elementor-element elementor-element-13196ae elementor-widget elementor-widget-text-editor\" data-id=\"13196ae\" data-element_type=\"widget\" data-widget_type=\"text-editor.default\">\n\t\t\t\t<div class=\"elementor-widget-container\">\n\t\t\t\t\t\t\t<p class=\"p1\"><span class=\"s1\">Termos de Uso do Emagrecer Ninja<\/span><\/p><p class=\"p2\"><span class=\"s1\">\u00daltima atualiza\u00e7\u00e3o: [data]<\/span><\/p><p class=\"p1\"><span class=\"s1\">1. Aceita\u00e7\u00e3o dos Termos<\/span><\/p><p class=\"p2\"><span class=\"s1\">Ao acessar e usar o Emagrecer Ninja, voc\u00ea concorda em cumprir estes termos e todas as leis e regulamentos aplic\u00e1veis. Se voc\u00ea n\u00e3o concorda com algum dos termos, voc\u00ea est\u00e1 proibido de usar ou acessar este site.<\/span><\/p><p class=\"p1\"><span class=\"s1\">2. Direitos Autorais<\/span><\/p><p class=\"p2\"><span class=\"s1\">O conte\u00fado publicado no Emagrecer Ninja tem direitos autorais protegidos pela legisla\u00e7\u00e3o de propriedade intelectual. \u00c9 proibida a reprodu\u00e7\u00e3o ou redistribui\u00e7\u00e3o de partes ou de todo o conte\u00fado sem autoriza\u00e7\u00e3o expressa do titular dos direitos autorais.<\/span><\/p><p class=\"p1\"><span class=\"s1\">3. Limita\u00e7\u00f5es<\/span><\/p><p class=\"p2\"><span class=\"s1\">Em nenhum caso o Emagrecer Ninja ou seus representantes ser\u00e3o respons\u00e1veis por quaisquer danos (incluindo, sem limita\u00e7\u00e3o, danos por perda de dados ou lucro, ou devido a interrup\u00e7\u00e3o dos neg\u00f3cios) decorrentes do uso ou da incapacidade de usar os materiais no Emagrecer Ninja.<\/span><\/p><p class=\"p1\"><span class=\"s1\">4. Modifica\u00e7\u00f5es nos Termos de Uso<\/span><\/p><p class=\"p2\"><span class=\"s1\">Podemos revisar os termos de uso do blog a qualquer momento sem aviso pr\u00e9vio. Ao usar este site, voc\u00ea concorda em ficar vinculado \u00e0 vers\u00e3o atual dos termos de uso.<\/span><\/p><p class=\"p1\"><span class=\"s1\">5. Lei Aplic\u00e1vel<\/span><\/p><p class=\"p2\"><span class=\"s1\">Qualquer reclama\u00e7\u00e3o relacionada ao Emagrecer Ninja ser\u00e1 regida pelas leis do local de sua funda\u00e7\u00e3o, sem considera\u00e7\u00e3o a conflitos de disposi\u00e7\u00f5es legais.<\/span><\/p>\t\t\t\t\t\t<\/div>\n\t\t\t\t<\/div>\n\t\t\t\t\t<\/div>\n\t\t\t\t<\/div>\n\t\t\t\t<\/div>\n\t\t","protected":false},"excerpt":{"rendered":"<p>Termos de uso Termos de Uso do Emagrecer Ninja \u00daltima atualiza\u00e7\u00e3o: [data] 1. Aceita\u00e7\u00e3o dos Termos Ao acessar e usar o Emagrecer Ninja, voc\u00ea concorda em cumprir estes termos e todas as leis e regulamentos aplic\u00e1veis. Se voc\u00ea n\u00e3o concorda com algum dos termos, voc\u00ea est\u00e1 proibido de usar ou acessar este site. 2. Direitos [&hellip;]<\/p>\n","protected":false},"author":2,"featured_media":0,"parent":0,"menu_order":0,"comment_status":"closed","ping_status":"closed","template":"elementor_header_footer","meta":{"footnotes":""},"class_list":["post-70","page","type-page","status-publish","hentry"],"_links":{"self":[{"href":"https:\/\/estacaonoticiasbrasilia.com.br\/index.php?rest_route=\/wp\/v2\/pages\/70","targetHints":{"allow":["GET"]}}],"collection":[{"href":"https:\/\/estacaonoticiasbrasilia.com.br\/index.php?rest_route=\/wp\/v2\/pages"}],"about":[{"href":"https:\/\/estacaonoticiasbrasilia.com.br\/index.php?rest_route=\/wp\/v2\/types\/page"}],"author":[{"embeddable":true,"href":"https:\/\/estacaonoticiasbrasilia.com.br\/index.php?rest_route=\/wp\/v2\/users\/2"}],"replies":[{"embeddable":true,"href":"https:\/\/estacaonoticiasbrasilia.com.br\/index.php?rest_route=%2Fwp%2Fv2%2Fcomments&post=70"}],"version-history":[{"count":4,"href":"https:\/\/estacaonoticiasbrasilia.com.br\/index.php?rest_route=\/wp\/v2\/pages\/70\/revisions"}],"predecessor-version":[{"id":184,"href":"https:\/\/estacaonoticiasbrasilia.com.br\/index.php?rest_route=\/wp\/v2\/pages\/70\/revisions\/184"}],"wp:attachment":[{"href":"https:\/\/estacaonoticiasbrasilia.com.br\/index.php?rest_route=%2Fwp%2Fv2%2Fmedia&parent=70"}],"curies":[{"name":"wp","href":"https:\/\/api.w.org\/{rel}","templated":true}]}}